{"id":7,"date":"2022-08-17T10:26:47","date_gmt":"2022-08-17T10:26:47","guid":{"rendered":"https:\/\/bar-d-ambiance.loan-conception-web.fr\/?page_id=7"},"modified":"2023-04-04T14:22:11","modified_gmt":"2023-04-04T14:22:11","slug":"accueil","status":"publish","type":"page","link":"https:\/\/bar-d-ambiance.loan-conception-web.fr\/","title":{"rendered":"Accueil"},"content":{"rendered":"<p>[et_pb_section fb_built=&#8221;1&#8243; _builder_version=&#8221;4.17.4&#8243; _module_preset=&#8221;default&#8221; background_video_mp4=&#8221;https:\/\/bar-d-ambiance.loan-conception-web.fr\/wp-content\/uploads\/2022\/09\/Fond-Bar-C.mp4&#8243; custom_padding=&#8221;5px||52px||false|false&#8221; global_colors_info=&#8221;{}&#8221;][et_pb_row _builder_version=&#8221;4.17.4&#8243; _module_preset=&#8221;default&#8221; custom_margin=&#8221;32px|auto||auto|false|false&#8221; custom_padding=&#8221;0px||0px|||&#8221; global_colors_info=&#8221;{}&#8221;][et_pb_column type=&#8221;4_4&#8243; _builder_version=&#8221;4.17.4&#8243; _module_preset=&#8221;default&#8221; global_colors_info=&#8221;{}&#8221;][et_pb_menu menu_style=&#8221;centered&#8221; active_link_color=&#8221;#d700e2&#8243; dropdown_menu_line_color=&#8221;#d700e2&#8243; dropdown_menu_active_link_color=&#8221;#d700e2&#8243; mobile_menu_bg_color=&#8221;#110e40&#8243; menu_icon_color=&#8221;#d700e2&#8243; _builder_version=&#8221;4.17.4&#8243; _module_preset=&#8221;default&#8221; menu_font=&#8221;Audiowide||||||||&#8221; menu_text_color=&#8221;#ffffff&#8221; menu_font_size=&#8221;22px&#8221; menu_letter_spacing=&#8221;1px&#8221; background_color=&#8221;RGBA(255,255,255,0)&#8221; custom_margin=&#8221;||-16px|||&#8221; menu_text_shadow_style=&#8221;preset1&#8243; menu_text_shadow_color=&#8221;#f294f7&#8243; global_colors_info=&#8221;{}&#8221; active_link_color__hover_enabled=&#8221;on|desktop&#8221; active_link_color__hover=&#8221;#d700e2&#8243; menu_text_color__hover_enabled=&#8221;on|desktop&#8221; menu_text_color__hover=&#8221;#d700e2&#8243; menu_text_shadow_color__hover_enabled=&#8221;on|desktop&#8221; menu_text_shadow_color__hover=&#8221;#d700e2&#8243;][\/et_pb_menu][\/et_pb_column][\/et_pb_row][et_pb_row disabled_on=&#8221;on|off|off&#8221; _builder_version=&#8221;4.17.4&#8243; _module_preset=&#8221;default&#8221; width=&#8221;55%&#8221; custom_padding=&#8221;6px|||||&#8221; global_colors_info=&#8221;{}&#8221;][et_pb_column type=&#8221;4_4&#8243; _builder_version=&#8221;4.17.4&#8243; _module_preset=&#8221;default&#8221; global_colors_info=&#8221;{}&#8221;][et_pb_image src=&#8221;https:\/\/bar-d-ambiance.loan-conception-web.fr\/wp-content\/uploads\/2022\/08\/Logo.png&#8221; title_text=&#8221;Atmosph\u00e8re&#8221; align=&#8221;center&#8221; _builder_version=&#8221;4.17.4&#8243; _module_preset=&#8221;default&#8221; module_alignment=&#8221;center&#8221; max_height=&#8221;547px&#8221; custom_padding=&#8221;5px|||||&#8221; animation_style=&#8221;fade&#8221; animation_duration_last_edited=&#8221;off|desktop&#8221; global_colors_info=&#8221;{}&#8221;][\/et_pb_image][\/et_pb_column][\/et_pb_row][et_pb_row disabled_on=&#8221;off|on|on&#8221; _builder_version=&#8221;4.17.4&#8243; _module_preset=&#8221;default&#8221; width=&#8221;100%&#8221; max_width=&#8221;1635px&#8221; global_colors_info=&#8221;{}&#8221;][et_pb_column type=&#8221;4_4&#8243; _builder_version=&#8221;4.17.4&#8243; _module_preset=&#8221;default&#8221; global_colors_info=&#8221;{}&#8221;][et_pb_image src=&#8221;https:\/\/bar-d-ambiance.loan-conception-web.fr\/wp-content\/uploads\/2022\/08\/Logo.png&#8221; title_text=&#8221;Atmosph\u00e8re&#8221; align=&#8221;center&#8221; force_fullwidth=&#8221;on&#8221; _builder_version=&#8221;4.17.4&#8243; _module_preset=&#8221;default&#8221; animation_style=&#8221;fade&#8221; global_colors_info=&#8221;{}&#8221;][\/et_pb_image][\/et_pb_column][\/et_pb_row][\/et_pb_section][et_pb_section fb_built=&#8221;1&#8243; _builder_version=&#8221;4.17.4&#8243; _module_preset=&#8221;default&#8221; background_color=&#8221;#110e40&#8243; custom_margin=&#8221;-10px|||||&#8221; custom_padding=&#8221;12px|||||&#8221; global_colors_info=&#8221;{}&#8221;][et_pb_row _builder_version=&#8221;4.17.4&#8243; _module_preset=&#8221;default&#8221; width=&#8221;95%&#8221; max_width=&#8221;1841px&#8221; global_colors_info=&#8221;{}&#8221;][et_pb_column type=&#8221;4_4&#8243; _builder_version=&#8221;4.17.4&#8243; _module_preset=&#8221;default&#8221; global_colors_info=&#8221;{}&#8221;][dsm_glitch_text glitch_text=&#8221;vivez une soir\u00e9e inoubliable&#8221; glitch_text_effect=&#8221;two&#8221; glitch_two_color_one=&#8221;#0C71C3&#8243; glitch_two_color_two=&#8221;rgba(12,113,195,0)&#8221; _builder_version=&#8221;4.17.4&#8243; _module_preset=&#8221;default&#8221; header_font=&#8221;Monoton|||on|||||&#8221; header_text_color=&#8221;#79d0f2&#8243; header_font_size=&#8221;36px&#8221; header_letter_spacing=&#8221;4px&#8221; header_line_height=&#8221;1.3em&#8221; text_orientation=&#8221;center&#8221; header_text_shadow_style=&#8221;preset1&#8243; header_text_shadow_color=&#8221;#79d0f2&#8243; text_shadow_style=&#8221;preset5&#8243; global_colors_info=&#8221;{}&#8221;][\/dsm_glitch_text][et_pb_text _builder_version=&#8221;4.17.4&#8243; _module_preset=&#8221;default&#8221; text_font=&#8221;Audiowide||||||||&#8221; text_text_color=&#8221;#FFFFFF&#8221; text_font_size=&#8221;27px&#8221; text_line_height=&#8221;1.4em&#8221; text_text_shadow_style=&#8221;preset3&#8243; text_text_shadow_blur_strength=&#8221;0.12em&#8221; text_text_shadow_color=&#8221;#FFFFFF&#8221; global_colors_info=&#8221;{}&#8221;]<\/p>\n<p style=\"text-align: center;\"><span>Nich\u00e9 au c\u0153ur d&#8217;Aix-en-Provence, dans le quartier le plus anim\u00e9 de la ville. <\/span><span style=\"font-size: 27px;\">Dans un style r\u00e9solument Rock et Moderne, dansez \u00e0 la lueur des n\u00e9ons tout en profitant de nos alcools.<\/span><\/p>\n<p style=\"text-align: center;\"><span>\u00a0Atmosph\u00e8re est l&#8217;endroit o\u00f9 vous devez \u00eatre.<\/span><\/p>\n<p>[\/et_pb_text][\/et_pb_column][\/et_pb_row][et_pb_row column_structure=&#8221;1_2,1_2&#8243; _builder_version=&#8221;4.17.4&#8243; _module_preset=&#8221;default&#8221; custom_padding=&#8221;||54px|||&#8221; global_colors_info=&#8221;{}&#8221;][et_pb_column type=&#8221;1_2&#8243; _builder_version=&#8221;4.17.4&#8243; _module_preset=&#8221;default&#8221; global_colors_info=&#8221;{}&#8221;][et_pb_button button_url=&#8221;https:\/\/bar-d-ambiance.loan-conception-web.fr\/index.php\/la-carte\/&#8221; button_text=&#8221;La Carte&#8221; button_alignment=&#8221;center&#8221; _builder_version=&#8221;4.17.4&#8243; _module_preset=&#8221;default&#8221; custom_button=&#8221;on&#8221; button_text_size=&#8221;25px&#8221; button_text_color=&#8221;#FFFFFF&#8221; button_bg_color=&#8221;#d700e2&#8243; button_border_width=&#8221;2px&#8221; button_border_color=&#8221;#d700e2&#8243; button_border_radius=&#8221;32px&#8221; button_letter_spacing=&#8221;0px&#8221; button_font=&#8221;Audiowide|||on|||||&#8221; animation_style=&#8221;bounce&#8221; animation_delay=&#8221;300ms&#8221; button_text_shadow_style=&#8221;preset3&#8243; button_text_shadow_color=&#8221;#FFFFFF&#8221; box_shadow_style=&#8221;preset1&#8243; box_shadow_blur=&#8221;22px&#8221; box_shadow_spread=&#8221;2px&#8221; box_shadow_color=&#8221;#f319eb&#8221; global_colors_info=&#8221;{}&#8221; button_bg_color__hover_enabled=&#8221;on|hover&#8221; button_border_color__hover_enabled=&#8221;on|hover&#8221; button_border_color__hover=&#8221;#3fbbec&#8221; button_text_shadow_color__hover_enabled=&#8221;off|hover&#8221; box_shadow_color__hover_enabled=&#8221;on|hover&#8221; box_shadow_color__hover=&#8221;#3fbbec&#8221; button_bg_color__hover=&#8221;#3fbbec&#8221; button_bg_enable_color__hover=&#8221;on&#8221;][\/et_pb_button][\/et_pb_column][et_pb_column type=&#8221;1_2&#8243; _builder_version=&#8221;4.17.4&#8243; _module_preset=&#8221;default&#8221; global_colors_info=&#8221;{}&#8221;][et_pb_button button_url=&#8221;https:\/\/bar-d-ambiance.loan-conception-web.fr\/index.php\/evenements\/&#8221; button_text=&#8221;Ev\u00e9nements&#8221; button_alignment=&#8221;center&#8221; _builder_version=&#8221;4.17.4&#8243; _module_preset=&#8221;default&#8221; custom_button=&#8221;on&#8221; button_text_size=&#8221;25px&#8221; button_text_color=&#8221;#FFFFFF&#8221; button_bg_color=&#8221;#d700e2&#8243; button_border_width=&#8221;2px&#8221; button_border_color=&#8221;#d700e2&#8243; button_border_radius=&#8221;32px&#8221; button_letter_spacing=&#8221;0px&#8221; button_font=&#8221;Audiowide|||on|||||&#8221; animation_style=&#8221;bounce&#8221; animation_delay=&#8221;300ms&#8221; button_text_shadow_style=&#8221;preset3&#8243; button_text_shadow_color=&#8221;#FFFFFF&#8221; box_shadow_style=&#8221;preset1&#8243; box_shadow_blur=&#8221;22px&#8221; box_shadow_spread=&#8221;2px&#8221; box_shadow_color=&#8221;#f319eb&#8221; global_colors_info=&#8221;{}&#8221; button_bg_color__hover=&#8221;#3fbbec&#8221; button_bg_color__hover_enabled=&#8221;on|hover&#8221; button_border_color__hover=&#8221;#3fbbec&#8221; button_border_color__hover_enabled=&#8221;on|hover&#8221; box_shadow_color__hover=&#8221;#3fbbec&#8221; box_shadow_color__hover_enabled=&#8221;on|hover&#8221;][\/et_pb_button][\/et_pb_column][\/et_pb_row][et_pb_row _builder_version=&#8221;4.17.4&#8243; _module_preset=&#8221;default&#8221; background_image=&#8221;https:\/\/bar-d-ambiance.loan-conception-web.fr\/wp-content\/uploads\/2022\/10\/Alcools-Jpg.jpg&#8221; parallax=&#8221;on&#8221; width=&#8221;100%&#8221; max_width=&#8221;2462px&#8221; custom_padding=&#8221;||316px|||&#8221; border_width_top=&#8221;5px&#8221; border_color_top=&#8221;#f319eb&#8221; border_width_bottom=&#8221;5px&#8221; border_color_bottom=&#8221;#f200ea&#8221; box_shadow_style=&#8221;preset1&#8243; box_shadow_color=&#8221;#f319eb&#8221; global_colors_info=&#8221;{}&#8221;][et_pb_column type=&#8221;4_4&#8243; _builder_version=&#8221;4.17.4&#8243; _module_preset=&#8221;default&#8221; global_colors_info=&#8221;{}&#8221;][\/et_pb_column][\/et_pb_row][et_pb_row _builder_version=&#8221;4.17.4&#8243; _module_preset=&#8221;default&#8221; width=&#8221;95%&#8221; max_width=&#8221;1841px&#8221; custom_margin=&#8221;38px|auto||auto||&#8221; global_colors_info=&#8221;{}&#8221;][et_pb_column type=&#8221;4_4&#8243; _builder_version=&#8221;4.17.4&#8243; _module_preset=&#8221;default&#8221; global_colors_info=&#8221;{}&#8221;][dsm_glitch_text glitch_text=&#8221;Des concerts en live et diffusion de matchs&#8221; glitch_text_effect=&#8221;two&#8221; glitch_two_color_one=&#8221;#0C71C3&#8243; glitch_two_color_two=&#8221;rgba(12,113,195,0)&#8221; _builder_version=&#8221;4.17.4&#8243; _module_preset=&#8221;default&#8221; header_font=&#8221;Monoton|||on|||||&#8221; header_text_color=&#8221;#79d0f2&#8243; header_font_size=&#8221;36px&#8221; header_letter_spacing=&#8221;4px&#8221; header_line_height=&#8221;1.3em&#8221; text_orientation=&#8221;center&#8221; header_text_shadow_style=&#8221;preset1&#8243; header_text_shadow_color=&#8221;#79d0f2&#8243; text_shadow_style=&#8221;preset5&#8243; global_colors_info=&#8221;{}&#8221;][\/dsm_glitch_text][et_pb_text _builder_version=&#8221;4.17.4&#8243; _module_preset=&#8221;default&#8221; text_font=&#8221;Audiowide||||||||&#8221; text_text_color=&#8221;#FFFFFF&#8221; text_font_size=&#8221;27px&#8221; text_line_height=&#8221;1.4em&#8221; custom_margin=&#8221;||26px|||&#8221; text_text_shadow_style=&#8221;preset3&#8243; text_text_shadow_blur_strength=&#8221;0.12em&#8221; text_text_shadow_color=&#8221;#FFFFFF&#8221; global_colors_info=&#8221;{}&#8221;]<\/p>\n<p style=\"text-align: center;\"><span>Nous proposons r\u00e9guli\u00e8rement des concerts au bar<\/span><span> et nous diffusons des matchs, tout au long de l&#8217;ann\u00e9e<\/span><\/p>\n<p>[\/et_pb_text][\/et_pb_column][\/et_pb_row][et_pb_row disabled_on=&#8221;on|off|off&#8221; _builder_version=&#8221;4.17.4&#8243; _module_preset=&#8221;default&#8221; width=&#8221;85%&#8221; max_width=&#8221;2087px&#8221; custom_padding=&#8221;0px||0px||false|false&#8221; border_radii=&#8221;on|20px|20px|20px|20px&#8221; border_width_all=&#8221;5px&#8221; border_color_all=&#8221;#f319eb&#8221; box_shadow_style=&#8221;preset1&#8243; box_shadow_color=&#8221;#f319eb&#8221; global_colors_info=&#8221;{}&#8221;][et_pb_column type=&#8221;4_4&#8243; _builder_version=&#8221;4.17.4&#8243; _module_preset=&#8221;default&#8221; global_colors_info=&#8221;{}&#8221;][et_pb_gallery gallery_ids=&#8221;124,127,129&#8243; gallery_orderby=&#8221;rand&#8221; fullwidth=&#8221;on&#8221; disabled_on=&#8221;on|off|off&#8221; _builder_version=&#8221;4.17.4&#8243; _module_preset=&#8221;default&#8221; width=&#8221;47%&#8221; module_alignment=&#8221;center&#8221; custom_margin=&#8221;||-4px|||&#8221; custom_padding=&#8221;||0px||false|false&#8221; auto=&#8221;on&#8221; auto_speed=&#8221;4000&#8243; global_colors_info=&#8221;{}&#8221;][\/et_pb_gallery][et_pb_gallery gallery_ids=&#8221;368,369,370&#8243; gallery_orderby=&#8221;rand&#8221; fullwidth=&#8221;on&#8221; disabled_on=&#8221;off|off|off&#8221; _builder_version=&#8221;4.17.4&#8243; _module_preset=&#8221;default&#8221; width=&#8221;100%&#8221; module_alignment=&#8221;center&#8221; auto=&#8221;on&#8221; auto_speed=&#8221;4000&#8243; global_colors_info=&#8221;{}&#8221;][\/et_pb_gallery][\/et_pb_column][\/et_pb_row][et_pb_row disabled_on=&#8221;off|on|on&#8221; _builder_version=&#8221;4.17.4&#8243; _module_preset=&#8221;default&#8221; width=&#8221;100%&#8221; max_width=&#8221;2087px&#8221; custom_padding=&#8221;0px||0px||false|false&#8221; border_radii=&#8221;on|20px|20px|20px|20px&#8221; border_width_all=&#8221;5px&#8221; border_color_all=&#8221;#f319eb&#8221; box_shadow_style=&#8221;preset1&#8243; box_shadow_color=&#8221;#f319eb&#8221; global_colors_info=&#8221;{}&#8221;][et_pb_column type=&#8221;4_4&#8243; _builder_version=&#8221;4.17.4&#8243; _module_preset=&#8221;default&#8221; global_colors_info=&#8221;{}&#8221;][et_pb_gallery gallery_ids=&#8221;124,127,129&#8243; gallery_orderby=&#8221;rand&#8221; fullwidth=&#8221;on&#8221; disabled_on=&#8221;on|off|off&#8221; _builder_version=&#8221;4.17.4&#8243; _module_preset=&#8221;default&#8221; width=&#8221;47%&#8221; module_alignment=&#8221;center&#8221; custom_margin=&#8221;||-4px|||&#8221; custom_padding=&#8221;||0px||false|false&#8221; auto=&#8221;on&#8221; auto_speed=&#8221;4000&#8243; global_colors_info=&#8221;{}&#8221;][\/et_pb_gallery][et_pb_gallery gallery_ids=&#8221;368,369,370&#8243; gallery_orderby=&#8221;rand&#8221; fullwidth=&#8221;on&#8221; disabled_on=&#8221;off|off|off&#8221; _builder_version=&#8221;4.17.4&#8243; _module_preset=&#8221;default&#8221; width=&#8221;100%&#8221; module_alignment=&#8221;center&#8221; auto=&#8221;on&#8221; auto_speed=&#8221;4000&#8243; global_colors_info=&#8221;{}&#8221;][\/et_pb_gallery][\/et_pb_column][\/et_pb_row][\/et_pb_section]<\/p>\n","protected":false},"excerpt":{"rendered":"<p><div class=\"et_pb_module dsm_glitch_text dsm_glitch_text_0  et_pb_text_align_center et_pb_bg_layout_light\">\n\t\t\t\t\n\t\t\t\t\n\t\t\t\t\n\t\t\t\t\n\t\t\t\t\n\t\t\t\t\n\t\t\t\t<div class=\"et_pb_module_inner\">\n\t\t\t\t\t<h1 class=\"dsm-glitch-text dsm-glitch-text-effect et_pb_module_header dsm-glitch-effect-type-two\" data-dsm-glitch-text=\"vivez une soir\u00e9e inoubliable\">vivez une soir\u00e9e inoubliable<\/h1>\n\t\t\t\t<\/div>\n\t\t\t<\/div>Nich\u00e9 au c\u0153ur d&#8217;Aix-en-Provence, dans le quartier le plus anim\u00e9 de la ville. Dans un style r\u00e9solument Rock et Moderne, dansez \u00e0 la lueur des n\u00e9ons tout en profitant de nos alcools. \u00a0Atmosph\u00e8re est l&#8217;endroit o\u00f9 vous devez \u00eatre.<div class=\"et_pb_module dsm_glitch_text dsm_glitch_text_1  et_pb_text_align_center et_pb_bg_layout_light\">\n\t\t\t\t\n\t\t\t\t\n\t\t\t\t\n\t\t\t\t\n\t\t\t\t\n\t\t\t\t\n\t\t\t\t<div class=\"et_pb_module_inner\">\n\t\t\t\t\t<h1 class=\"dsm-glitch-text dsm-glitch-text-effect et_pb_module_header dsm-glitch-effect-type-two\" data-dsm-glitch-text=\"Des concerts en live et diffusion de matchs\">Des concerts en live et diffusion de matchs<\/h1>\n\t\t\t\t<\/div>\n\t\t\t<\/div>Nous proposons r\u00e9guli\u00e8rement des concerts au bar et nous diffusons des matchs, tout au long de l&#8217;ann\u00e9e<\/p>\n","protected":false},"author":1,"featured_media":0,"parent":0,"menu_order":0,"comment_status":"closed","ping_status":"closed","template":"","meta":{"_et_pb_use_builder":"on","_et_pb_old_content":"","_et_gb_content_width":""},"_links":{"self":[{"href":"https:\/\/bar-d-ambiance.loan-conception-web.fr\/index.php\/wp-json\/wp\/v2\/pages\/7"}],"collection":[{"href":"https:\/\/bar-d-ambiance.loan-conception-web.fr\/index.php\/wp-json\/wp\/v2\/pages"}],"about":[{"href":"https:\/\/bar-d-ambiance.loan-conception-web.fr\/index.php\/wp-json\/wp\/v2\/types\/page"}],"author":[{"embeddable":true,"href":"https:\/\/bar-d-ambiance.loan-conception-web.fr\/index.php\/wp-json\/wp\/v2\/users\/1"}],"replies":[{"embeddable":true,"href":"https:\/\/bar-d-ambiance.loan-conception-web.fr\/index.php\/wp-json\/wp\/v2\/comments?post=7"}],"version-history":[{"count":166,"href":"https:\/\/bar-d-ambiance.loan-conception-web.fr\/index.php\/wp-json\/wp\/v2\/pages\/7\/revisions"}],"predecessor-version":[{"id":377,"href":"https:\/\/bar-d-ambiance.loan-conception-web.fr\/index.php\/wp-json\/wp\/v2\/pages\/7\/revisions\/377"}],"wp:attachment":[{"href":"https:\/\/bar-d-ambiance.loan-conception-web.fr\/index.php\/wp-json\/wp\/v2\/media?parent=7"}],"curies":[{"name":"wp","href":"https:\/\/api.w.org\/{rel}","templated":true}]}}